{"id":1719,"date":"2022-02-10T10:52:17","date_gmt":"2022-02-10T10:52:17","guid":{"rendered":"https:\/\/adn-architecture.com\/?page_id=1719"},"modified":"2022-02-10T11:58:04","modified_gmt":"2022-02-10T11:58:04","slug":"suivi-de-chantier","status":"publish","type":"page","link":"https:\/\/adn-architecture.com\/index.php\/suivi-de-chantier\/","title":{"rendered":"SUIVI DE CHANTIER"},"content":{"rendered":"<p>[et_pb_section fb_built=\u00a0\u00bb1&Prime; fullwidth=\u00a0\u00bbon\u00a0\u00bb _builder_version=\u00a0\u00bb4.4.6&Prime; global_colors_info=\u00a0\u00bb{}\u00a0\u00bb][et_pb_fullwidth_slider _builder_version=\u00a0\u00bb4.14.7&Prime; global_colors_info=\u00a0\u00bb{}\u00a0\u00bb][et_pb_slide heading=\u00a0\u00bbL\u2019Arche De No\u00ea\u00a0\u00bb use_bg_overlay=\u00a0\u00bbon\u00a0\u00bb bg_overlay_color=\u00a0\u00bbrgba(255,255,255,0.35)\u00a0\u00bb use_text_overlay=\u00a0\u00bboff\u00a0\u00bb _builder_version=\u00a0\u00bb4.14.7&Prime; header_level=\u00a0\u00bbh2&Prime; header_font=\u00a0\u00bbRoboto|700|||||||\u00a0\u00bb header_text_color=\u00a0\u00bb#008e8e\u00a0\u00bb header_font_size=\u00a0\u00bb75px\u00a0\u00bb body_font=\u00a0\u00bbRoboto|700|||||||\u00a0\u00bb body_text_color=\u00a0\u00bb#008e8e\u00a0\u00bb body_font_size=\u00a0\u00bb75px\u00a0\u00bb body_line_height=\u00a0\u00bb1.8em\u00a0\u00bb background_enable_color=\u00a0\u00bboff\u00a0\u00bb background_image=\u00a0\u00bbhttps:\/\/adn-architecture.com\/wp-content\/uploads\/2021\/10\/view_1.jpg\u00a0\u00bb background_enable_image=\u00a0\u00bbon\u00a0\u00bb header_font_size_tablet=\u00a0\u00bb75px\u00a0\u00bb header_font_size_phone=\u00a0\u00bb53px\u00a0\u00bb header_font_size_last_edited=\u00a0\u00bbon|phone\u00a0\u00bb body_font_size_tablet=\u00a0\u00bb75px\u00a0\u00bb body_font_size_phone=\u00a0\u00bb53px\u00a0\u00bb body_font_size_last_edited=\u00a0\u00bbon|phone\u00a0\u00bb global_colors_info=\u00a0\u00bb{}\u00a0\u00bb sticky_transition=\u00a0\u00bbon\u00a0\u00bb]<\/p>\n<p>Architecture<\/p>\n<p>[\/et_pb_slide][\/et_pb_fullwidth_slider][\/et_pb_section][et_pb_section fb_built=\u00a0\u00bb1&Prime; _builder_version=\u00a0\u00bb4.4.6&Prime; background_color=\u00a0\u00bbrgba(184,192,189,0.35)\u00a0\u00bb global_colors_info=\u00a0\u00bb{}\u00a0\u00bb][et_pb_row _builder_version=\u00a0\u00bb4.4.6&Prime; global_colors_info=\u00a0\u00bb{}\u00a0\u00bb][et_pb_column type=\u00a0\u00bb4_4&Prime; _builder_version=\u00a0\u00bb4.4.6&Prime; global_colors_info=\u00a0\u00bb{}\u00a0\u00bb][et_pb_text _builder_version=\u00a0\u00bb4.14.7&Prime; global_colors_info=\u00a0\u00bb{}\u00a0\u00bb]<\/p>\n<h2><strong>SUIVI DE CHANTIER<br \/><\/strong><\/h2>\n<p>[\/et_pb_text][et_pb_text _builder_version=\u00a0\u00bb4.4.6&Prime; text_font=\u00a0\u00bbRoboto|300|||||||\u00a0\u00bb global_colors_info=\u00a0\u00bb{}\u00a0\u00bb]Une culture de rigueur doit donc \u00eatre adopt\u00e9e par tous les niveaux de responsabilit\u00e9s ; et celle-ci s\u2019articule sur trois points cl\u00e9s :<\/p>\n<ol style=\"text-align: left;\">\n<li>Le contr\u00f4le de l\u2019avancement physique du chantier ;\u00a0<\/li>\n<li>Le contr\u00f4le des d\u00e9penses par rapport au budget ;\u00a0<\/li>\n<li>Le contr\u00f4le du r\u00e9sultat au stade et du r\u00e9sultat \u00e0 fin d\u2019affaire.<\/li>\n<\/ol>\n<p>[\/et_pb_text][et_pb_gallery gallery_ids=\u00a0\u00bb1728,1731,1732,1737,1738,1739&Prime; posts_number=\u00a0\u00bb30&Prime; show_title_and_caption=\u00a0\u00bboff\u00a0\u00bb _builder_version=\u00a0\u00bb4.14.7&Prime; _module_preset=\u00a0\u00bbdefault\u00a0\u00bb hover_enabled=\u00a0\u00bb0&Prime; global_colors_info=\u00a0\u00bb{}\u00a0\u00bb sticky_enabled=\u00a0\u00bb0&Prime;][\/et_pb_gallery][\/et_pb_column][\/et_pb_row][\/et_pb_section]<\/p>\n","protected":false},"excerpt":{"rendered":"<p>ArchitectureSUIVI DE CHANTIERUne culture de rigueur doit donc \u00eatre adopt\u00e9e par tous les niveaux de responsabilit\u00e9s ; et celle-ci s\u2019articule sur trois points cl\u00e9s : Le contr\u00f4le de l\u2019avancement physique du chantier ;\u00a0 Le contr\u00f4le des d\u00e9penses par rapport au budget ;\u00a0 Le contr\u00f4le du r\u00e9sultat au stade et du r\u00e9sultat \u00e0 fin d\u2019affaire.<\/p>\n","protected":false},"author":2,"featured_media":0,"parent":0,"menu_order":0,"comment_status":"closed","ping_status":"closed","template":"","meta":{"_et_pb_use_builder":"on","_et_pb_old_content":"","_et_gb_content_width":""},"_links":{"self":[{"href":"https:\/\/adn-architecture.com\/index.php\/wp-json\/wp\/v2\/pages\/1719"}],"collection":[{"href":"https:\/\/adn-architecture.com\/index.php\/wp-json\/wp\/v2\/pages"}],"about":[{"href":"https:\/\/adn-architecture.com\/index.php\/wp-json\/wp\/v2\/types\/page"}],"author":[{"embeddable":true,"href":"https:\/\/adn-architecture.com\/index.php\/wp-json\/wp\/v2\/users\/2"}],"replies":[{"embeddable":true,"href":"https:\/\/adn-architecture.com\/index.php\/wp-json\/wp\/v2\/comments?post=1719"}],"version-history":[{"count":6,"href":"https:\/\/adn-architecture.com\/index.php\/wp-json\/wp\/v2\/pages\/1719\/revisions"}],"predecessor-version":[{"id":1740,"href":"https:\/\/adn-architecture.com\/index.php\/wp-json\/wp\/v2\/pages\/1719\/revisions\/1740"}],"wp:attachment":[{"href":"https:\/\/adn-architecture.com\/index.php\/wp-json\/wp\/v2\/media?parent=1719"}],"curies":[{"name":"wp","href":"https:\/\/api.w.org\/{rel}","templated":true}]}}