{"id":1294,"date":"2021-11-08T18:01:17","date_gmt":"2021-11-08T18:01:17","guid":{"rendered":"https:\/\/adn-architecture.com\/?page_id=1294"},"modified":"2022-02-10T10:22:51","modified_gmt":"2022-02-10T10:22:51","slug":"concours-2","status":"publish","type":"page","link":"https:\/\/adn-architecture.com\/index.php\/concours-2\/","title":{"rendered":"CONCOURS"},"content":{"rendered":"<p>[et_pb_section fb_built=\u00a0\u00bb1&Prime; fullwidth=\u00a0\u00bbon\u00a0\u00bb _builder_version=\u00a0\u00bb4.4.6&Prime; global_colors_info=\u00a0\u00bb{}\u00a0\u00bb][et_pb_fullwidth_slider _builder_version=\u00a0\u00bb4.14.7&Prime; hover_enabled=\u00a0\u00bb0&Prime; global_colors_info=\u00a0\u00bb{}\u00a0\u00bb sticky_enabled=\u00a0\u00bb0&Prime;][et_pb_slide heading=\u00a0\u00bbCONCOURS\u00a0\u00bb use_bg_overlay=\u00a0\u00bbon\u00a0\u00bb bg_overlay_color=\u00a0\u00bbrgba(255,255,255,0.45)\u00a0\u00bb use_text_overlay=\u00a0\u00bboff\u00a0\u00bb _builder_version=\u00a0\u00bb4.14.7&Prime; header_font=\u00a0\u00bbRoboto|700|||||||\u00a0\u00bb header_text_align=\u00a0\u00bbcenter\u00a0\u00bb header_text_color=\u00a0\u00bb#008e8e\u00a0\u00bb header_font_size=\u00a0\u00bb75px\u00a0\u00bb body_font=\u00a0\u00bbRoboto|700|||||||\u00a0\u00bb body_text_color=\u00a0\u00bb#008e8e\u00a0\u00bb body_font_size=\u00a0\u00bb75px\u00a0\u00bb body_line_height=\u00a0\u00bb1.8em\u00a0\u00bb background_enable_color=\u00a0\u00bboff\u00a0\u00bb background_image=\u00a0\u00bbhttps:\/\/adn-architecture.com\/wp-content\/uploads\/2021\/10\/view_1.jpg\u00a0\u00bb background_enable_image=\u00a0\u00bbon\u00a0\u00bb hover_enabled=\u00a0\u00bb0&Prime; global_colors_info=\u00a0\u00bb{}\u00a0\u00bb sticky_transition=\u00a0\u00bbon\u00a0\u00bb header_font_size_last_edited=\u00a0\u00bbon|phone\u00a0\u00bb header_font_size_phone=\u00a0\u00bb54px\u00a0\u00bb sticky_enabled=\u00a0\u00bb0&Prime; header_font_size_tablet=\u00a0\u00bb75px\u00a0\u00bb][\/et_pb_slide][\/et_pb_fullwidth_slider][\/et_pb_section][et_pb_section fb_built=\u00a0\u00bb1&Prime; _builder_version=\u00a0\u00bb4.4.6&Prime; background_color=\u00a0\u00bbrgba(184,192,189,0.35)\u00a0\u00bb global_colors_info=\u00a0\u00bb{}\u00a0\u00bb][et_pb_row _builder_version=\u00a0\u00bb4.4.6&Prime; global_colors_info=\u00a0\u00bb{}\u00a0\u00bb][et_pb_column type=\u00a0\u00bb4_4&Prime; _builder_version=\u00a0\u00bb4.4.6&Prime; global_colors_info=\u00a0\u00bb{}\u00a0\u00bb][et_pb_text _builder_version=\u00a0\u00bb4.11.3&Prime; global_colors_info=\u00a0\u00bb{}\u00a0\u00bb]<\/p>\n<h2><strong>CONCOURS<\/strong><\/h2>\n<p>[\/et_pb_text][et_pb_text _builder_version=\u00a0\u00bb4.4.6&Prime; text_font=\u00a0\u00bbRoboto|300|||||||\u00a0\u00bb global_colors_info=\u00a0\u00bb{}\u00a0\u00bb]L\u2019Arche de no\u00e9 Architecture (ADN) est fond\u00e9e en 2007 par Michael Noe et regroupe aujourd\u2019hui plusieurs architectes polyvalents et exp\u00e9riment\u00e9s.<br \/>\nL\u2019Agence assure la conception de votre projet dans sa dimension esth\u00e9tique, artistique et technique, au moyen d&rsquo;une mod\u00e9lisation repr\u00e9sentative de votre projet et de plans d\u00e9taill\u00e9s, pour une meilleure compr\u00e9hension. <\/p>\n<p>Les projets se pratiquent en \u00ab\u00a0atelier ouvert\u00a0\u00bb, s&rsquo;appuyant sur les techniques les plus avanc\u00e9es pour la conception et la visualisation en 3D afin que le maitre d&rsquo;ouvrage ainsi que les diff\u00e9rents intervenants participent au projet d\u00e8s les premi\u00e8res phases de conception. [\/et_pb_text][\/et_pb_column][\/et_pb_row][\/et_pb_section][et_pb_section fb_built=\u00a0\u00bb1&Prime; _builder_version=\u00a0\u00bb4.4.6&Prime; background_color=\u00a0\u00bbrgba(184,192,189,0.35)\u00a0\u00bb global_colors_info=\u00a0\u00bb{}\u00a0\u00bb][et_pb_row column_structure=\u00a0\u00bb1_2,1_2&Prime; use_custom_gutter=\u00a0\u00bbon\u00a0\u00bb gutter_width=\u00a0\u00bb2&Prime; make_equal=\u00a0\u00bbon\u00a0\u00bb _builder_version=\u00a0\u00bb4.11.3&Prime; _module_preset=\u00a0\u00bbdefault\u00a0\u00bb custom_margin=\u00a0\u00bb||||true|false\u00a0\u00bb custom_padding=\u00a0\u00bb15px||15px||true|false\u00a0\u00bb global_colors_info=\u00a0\u00bb{}\u00a0\u00bb][et_pb_column type=\u00a0\u00bb1_2&Prime; _builder_version=\u00a0\u00bb4.11.3&Prime; _module_preset=\u00a0\u00bbdefault\u00a0\u00bb global_colors_info=\u00a0\u00bb{}\u00a0\u00bb][ba_card photo=\u00a0\u00bbhttps:\/\/adn-architecture.com\/wp-content\/uploads\/2021\/11\/ADN_Veneux-Les-Sablons_31.01_BD.jpg\u00a0\u00bb description=\u00a0\u00bb77250 Veneux les Sablons\u00a0\u00bb use_button=\u00a0\u00bbon\u00a0\u00bb button_text=\u00a0\u00bb \u00a0\u00bb button_link=\u00a0\u00bb@ET-DC@eyJkeW5hbWljIjp0cnVlLCJjb250ZW50IjoicG9zdF9saW5rX3VybF9wcm9qZWN0Iiwic2V0dGluZ3MiOnsicG9zdF9pZCI6IjE2MDIifX0=@\u00a0\u00bb image_position=\u00a0\u00bbleft\u00a0\u00bb image_hover_animation=\u00a0\u00bbzoom-in\u00a0\u00bb image_height=\u00a0\u00bb163px\u00a0\u00bb image_width=\u00a0\u00bb163px\u00a0\u00bb image_position_tablet=\u00a0\u00bb\u00a0\u00bb image_position_phone=\u00a0\u00bbtop\u00a0\u00bb image_position_last_edited=\u00a0\u00bbon|phone\u00a0\u00bb image_width_tablet=\u00a0\u00bb\u00a0\u00bb image_width_phone=\u00a0\u00bb100%\u00a0\u00bb image_width_last_edited=\u00a0\u00bbon|phone\u00a0\u00bb _builder_version=\u00a0\u00bb4.11.3&Prime; _dynamic_attributes=\u00a0\u00bbbutton_link,link_option_url\u00a0\u00bb _module_preset=\u00a0\u00bbdefault\u00a0\u00bb description_text_color=\u00a0\u00bb#008e8e\u00a0\u00bb description_font_size=\u00a0\u00bb24px\u00a0\u00bb description_line_height=\u00a0\u00bb1.2em\u00a0\u00bb background_color=\u00a0\u00bbrgba(184,192,189,0.42)\u00a0\u00bb custom_button=\u00a0\u00bbon\u00a0\u00bb button_bg_color=\u00a0\u00bb#008E8E\u00a0\u00bb button_bg_image=\u00a0\u00bbhttps:\/\/adn-architecture.com\/wp-content\/uploads\/2021\/10\/button.jpg\u00a0\u00bb button_bg_size=\u00a0\u00bbcontain\u00a0\u00bb button_border_width=\u00a0\u00bb0px\u00a0\u00bb button_border_radius=\u00a0\u00bb2px\u00a0\u00bb button_use_icon=\u00a0\u00bboff\u00a0\u00bb button_custom_padding=\u00a0\u00bb15px||15px||false|false\u00a0\u00bb link_option_url=\u00a0\u00bb@ET-DC@eyJkeW5hbWljIjp0cnVlLCJjb250ZW50IjoicG9zdF9saW5rX3VybF9wcm9qZWN0Iiwic2V0dGluZ3MiOnsicG9zdF9pZCI6IjE2MDIifX0=@\u00a0\u00bb global_colors_info=\u00a0\u00bb{}\u00a0\u00bb][\/ba_card][\/et_pb_column][et_pb_column type=\u00a0\u00bb1_2&Prime; _builder_version=\u00a0\u00bb4.11.3&Prime; _module_preset=\u00a0\u00bbdefault\u00a0\u00bb global_colors_info=\u00a0\u00bb{}\u00a0\u00bb][ba_card photo=\u00a0\u00bbhttps:\/\/adn-architecture.com\/wp-content\/uploads\/2021\/11\/view_1.jpg\u00a0\u00bb description=\u00a0\u00bb78210 Saint CYR l&rsquo;\u00e9cole\u00a0\u00bb use_button=\u00a0\u00bbon\u00a0\u00bb button_text=\u00a0\u00bb \u00a0\u00bb button_link=\u00a0\u00bb@ET-DC@eyJkeW5hbWljIjp0cnVlLCJjb250ZW50IjoicG9zdF9saW5rX3VybF9wcm9qZWN0Iiwic2V0dGluZ3MiOnsicG9zdF9pZCI6IjE2MTAifX0=@\u00a0\u00bb image_position=\u00a0\u00bbleft\u00a0\u00bb image_hover_animation=\u00a0\u00bbzoom-in\u00a0\u00bb image_height=\u00a0\u00bb163px\u00a0\u00bb image_width=\u00a0\u00bb163px\u00a0\u00bb image_position_tablet=\u00a0\u00bb\u00a0\u00bb image_position_phone=\u00a0\u00bbtop\u00a0\u00bb image_position_last_edited=\u00a0\u00bbon|phone\u00a0\u00bb image_width_tablet=\u00a0\u00bb\u00a0\u00bb image_width_phone=\u00a0\u00bb100%\u00a0\u00bb image_width_last_edited=\u00a0\u00bbon|phone\u00a0\u00bb _builder_version=\u00a0\u00bb4.11.3&Prime; _dynamic_attributes=\u00a0\u00bbbutton_link,link_option_url\u00a0\u00bb _module_preset=\u00a0\u00bbdefault\u00a0\u00bb description_text_color=\u00a0\u00bb#008e8e\u00a0\u00bb description_font_size=\u00a0\u00bb24px\u00a0\u00bb description_line_height=\u00a0\u00bb1.2em\u00a0\u00bb background_color=\u00a0\u00bbrgba(184,192,189,0.42)\u00a0\u00bb custom_button=\u00a0\u00bbon\u00a0\u00bb button_bg_color=\u00a0\u00bb#008E8E\u00a0\u00bb button_bg_image=\u00a0\u00bbhttps:\/\/adn-architecture.com\/wp-content\/uploads\/2021\/10\/button.jpg\u00a0\u00bb button_bg_size=\u00a0\u00bbcontain\u00a0\u00bb button_border_width=\u00a0\u00bb0px\u00a0\u00bb button_border_radius=\u00a0\u00bb2px\u00a0\u00bb button_use_icon=\u00a0\u00bboff\u00a0\u00bb button_custom_padding=\u00a0\u00bb15px||15px||false|false\u00a0\u00bb link_option_url=\u00a0\u00bb@ET-DC@eyJkeW5hbWljIjp0cnVlLCJjb250ZW50IjoicG9zdF9saW5rX3VybF9wcm9qZWN0Iiwic2V0dGluZ3MiOnsicG9zdF9pZCI6IjE2MTAifX0=@\u00a0\u00bb global_colors_info=\u00a0\u00bb{}\u00a0\u00bb][\/ba_card][\/et_pb_column][\/et_pb_row][et_pb_row column_structure=\u00a0\u00bb1_2,1_2&Prime; use_custom_gutter=\u00a0\u00bbon\u00a0\u00bb gutter_width=\u00a0\u00bb2&Prime; make_equal=\u00a0\u00bbon\u00a0\u00bb _builder_version=\u00a0\u00bb4.11.3&Prime; _module_preset=\u00a0\u00bbdefault\u00a0\u00bb custom_margin=\u00a0\u00bb||||true|false\u00a0\u00bb custom_padding=\u00a0\u00bb15px||15px||true|false\u00a0\u00bb global_colors_info=\u00a0\u00bb{}\u00a0\u00bb][et_pb_column type=\u00a0\u00bb1_2&Prime; _builder_version=\u00a0\u00bb4.11.3&Prime; _module_preset=\u00a0\u00bbdefault\u00a0\u00bb global_colors_info=\u00a0\u00bb{}\u00a0\u00bb][ba_card photo=\u00a0\u00bbhttps:\/\/adn-architecture.com\/wp-content\/uploads\/2021\/11\/Image-de-Fontenay-Les-Briis.jpg\u00a0\u00bb description=\u00a0\u00bb91640 Fontenay les Briis\u00a0\u00bb use_button=\u00a0\u00bbon\u00a0\u00bb button_text=\u00a0\u00bb \u00a0\u00bb button_link=\u00a0\u00bb@ET-DC@eyJkeW5hbWljIjp0cnVlLCJjb250ZW50IjoicG9zdF9saW5rX3VybF9wcm9qZWN0Iiwic2V0dGluZ3MiOnsicG9zdF9pZCI6IjE2MjAifX0=@\u00a0\u00bb image_position=\u00a0\u00bbleft\u00a0\u00bb image_hover_animation=\u00a0\u00bbzoom-in\u00a0\u00bb image_height=\u00a0\u00bb163px\u00a0\u00bb image_width=\u00a0\u00bb163px\u00a0\u00bb image_position_tablet=\u00a0\u00bb\u00a0\u00bb image_position_phone=\u00a0\u00bbtop\u00a0\u00bb image_position_last_edited=\u00a0\u00bbon|phone\u00a0\u00bb image_width_tablet=\u00a0\u00bb\u00a0\u00bb image_width_phone=\u00a0\u00bb100%\u00a0\u00bb image_width_last_edited=\u00a0\u00bbon|phone\u00a0\u00bb _builder_version=\u00a0\u00bb4.11.3&Prime; _dynamic_attributes=\u00a0\u00bbbutton_link,link_option_url\u00a0\u00bb _module_preset=\u00a0\u00bbdefault\u00a0\u00bb description_text_color=\u00a0\u00bb#008e8e\u00a0\u00bb description_font_size=\u00a0\u00bb24px\u00a0\u00bb description_line_height=\u00a0\u00bb1.2em\u00a0\u00bb background_color=\u00a0\u00bbrgba(184,192,189,0.42)\u00a0\u00bb custom_button=\u00a0\u00bbon\u00a0\u00bb button_bg_color=\u00a0\u00bb#008E8E\u00a0\u00bb button_bg_image=\u00a0\u00bbhttps:\/\/adn-architecture.com\/wp-content\/uploads\/2021\/10\/button.jpg\u00a0\u00bb button_bg_size=\u00a0\u00bbcontain\u00a0\u00bb button_border_width=\u00a0\u00bb0px\u00a0\u00bb button_border_radius=\u00a0\u00bb2px\u00a0\u00bb button_use_icon=\u00a0\u00bboff\u00a0\u00bb button_custom_padding=\u00a0\u00bb15px||15px||false|false\u00a0\u00bb link_option_url=\u00a0\u00bb@ET-DC@eyJkeW5hbWljIjp0cnVlLCJjb250ZW50IjoicG9zdF9saW5rX3VybF9wcm9qZWN0Iiwic2V0dGluZ3MiOnsicG9zdF9pZCI6IjE2MjAifX0=@\u00a0\u00bb global_colors_info=\u00a0\u00bb{}\u00a0\u00bb][\/ba_card][\/et_pb_column][et_pb_column type=\u00a0\u00bb1_2&Prime; _builder_version=\u00a0\u00bb4.11.3&Prime; _module_preset=\u00a0\u00bbdefault\u00a0\u00bb global_colors_info=\u00a0\u00bb{}\u00a0\u00bb][ba_card photo=\u00a0\u00bbhttps:\/\/adn-architecture.com\/wp-content\/uploads\/2021\/11\/image-1.jpg\u00a0\u00bb description=\u00a0\u00bb91940 Les Ulis\u00a0\u00bb use_button=\u00a0\u00bbon\u00a0\u00bb button_text=\u00a0\u00bb \u00a0\u00bb button_link=\u00a0\u00bb@ET-DC@eyJkeW5hbWljIjp0cnVlLCJjb250ZW50IjoicG9zdF9saW5rX3VybF9wcm9qZWN0Iiwic2V0dGluZ3MiOnsicG9zdF9pZCI6IjE2MjcifX0=@\u00a0\u00bb image_position=\u00a0\u00bbleft\u00a0\u00bb image_hover_animation=\u00a0\u00bbzoom-in\u00a0\u00bb image_height=\u00a0\u00bb163px\u00a0\u00bb image_width=\u00a0\u00bb163px\u00a0\u00bb image_position_tablet=\u00a0\u00bb\u00a0\u00bb image_position_phone=\u00a0\u00bbtop\u00a0\u00bb image_position_last_edited=\u00a0\u00bbon|phone\u00a0\u00bb image_width_tablet=\u00a0\u00bb\u00a0\u00bb image_width_phone=\u00a0\u00bb100%\u00a0\u00bb image_width_last_edited=\u00a0\u00bbon|phone\u00a0\u00bb _builder_version=\u00a0\u00bb4.11.3&Prime; _dynamic_attributes=\u00a0\u00bbbutton_link,link_option_url\u00a0\u00bb _module_preset=\u00a0\u00bbdefault\u00a0\u00bb description_text_color=\u00a0\u00bb#008e8e\u00a0\u00bb description_font_size=\u00a0\u00bb24px\u00a0\u00bb description_line_height=\u00a0\u00bb1.2em\u00a0\u00bb background_color=\u00a0\u00bbrgba(184,192,189,0.42)\u00a0\u00bb custom_button=\u00a0\u00bbon\u00a0\u00bb button_bg_color=\u00a0\u00bb#008E8E\u00a0\u00bb button_bg_image=\u00a0\u00bbhttps:\/\/adn-architecture.com\/wp-content\/uploads\/2021\/10\/button.jpg\u00a0\u00bb button_bg_size=\u00a0\u00bbcontain\u00a0\u00bb button_border_width=\u00a0\u00bb0px\u00a0\u00bb button_border_radius=\u00a0\u00bb2px\u00a0\u00bb button_use_icon=\u00a0\u00bboff\u00a0\u00bb button_custom_padding=\u00a0\u00bb15px||15px||false|false\u00a0\u00bb link_option_url=\u00a0\u00bb@ET-DC@eyJkeW5hbWljIjp0cnVlLCJjb250ZW50IjoicG9zdF9saW5rX3VybF9wcm9qZWN0Iiwic2V0dGluZ3MiOnsicG9zdF9pZCI6IjE2MjcifX0=@\u00a0\u00bb global_colors_info=\u00a0\u00bb{}\u00a0\u00bb][\/ba_card][\/et_pb_column][\/et_pb_row][\/et_pb_section]<\/p>\n","protected":false},"excerpt":{"rendered":"<p>CONCOURSL\u2019Arche de no\u00e9 Architecture (ADN) est fond\u00e9e en 2007 par Michael Noe et regroupe aujourd\u2019hui plusieurs architectes polyvalents et exp\u00e9riment\u00e9s. L\u2019Agence assure la conception de votre projet dans sa dimension esth\u00e9tique, artistique et technique, au moyen d&rsquo;une mod\u00e9lisation repr\u00e9sentative de votre projet et de plans d\u00e9taill\u00e9s, pour une meilleure compr\u00e9hension. Les projets se pratiquent en [&hellip;]<\/p>\n","protected":false},"author":1,"featured_media":0,"parent":0,"menu_order":0,"comment_status":"closed","ping_status":"closed","template":"","meta":{"_et_pb_use_builder":"on","_et_pb_old_content":"","_et_gb_content_width":""},"_links":{"self":[{"href":"https:\/\/adn-architecture.com\/index.php\/wp-json\/wp\/v2\/pages\/1294"}],"collection":[{"href":"https:\/\/adn-architecture.com\/index.php\/wp-json\/wp\/v2\/pages"}],"about":[{"href":"https:\/\/adn-architecture.com\/index.php\/wp-json\/wp\/v2\/types\/page"}],"author":[{"embeddable":true,"href":"https:\/\/adn-architecture.com\/index.php\/wp-json\/wp\/v2\/users\/1"}],"replies":[{"embeddable":true,"href":"https:\/\/adn-architecture.com\/index.php\/wp-json\/wp\/v2\/comments?post=1294"}],"version-history":[{"count":8,"href":"https:\/\/adn-architecture.com\/index.php\/wp-json\/wp\/v2\/pages\/1294\/revisions"}],"predecessor-version":[{"id":1717,"href":"https:\/\/adn-architecture.com\/index.php\/wp-json\/wp\/v2\/pages\/1294\/revisions\/1717"}],"wp:attachment":[{"href":"https:\/\/adn-architecture.com\/index.php\/wp-json\/wp\/v2\/media?parent=1294"}],"curies":[{"name":"wp","href":"https:\/\/api.w.org\/{rel}","templated":true}]}}